{"id":1534,"date":"2025-06-25T12:00:41","date_gmt":"2025-06-25T12:00:41","guid":{"rendered":"https:\/\/alpinaszeon.com\/?page_id=1534"},"modified":"2025-06-25T12:26:01","modified_gmt":"2025-06-25T12:26:01","slug":"accesibilidad","status":"publish","type":"page","link":"https:\/\/alpinaszeon.com\/index.php\/accesibilidad\/","title":{"rendered":"Accesibilidad"},"content":{"rendered":"<p>[et_pb_section fb_built=\u00bb1&#8243; admin_label=\u00bbMenu\u00bb _builder_version=\u00bb4.24.1&#8243; _module_preset=\u00bbdefault\u00bb collapsed=\u00bbon\u00bb global_colors_info=\u00bb{}\u00bb][et_pb_row _builder_version=\u00bb4.27.4&#8243; _module_preset=\u00bbdefault\u00bb width=\u00bb90%\u00bb max_width=\u00bb1203px\u00bb global_colors_info=\u00bb{}\u00bb][et_pb_column type=\u00bb4_4&#8243; _builder_version=\u00bb4.24.1&#8243; _module_preset=\u00bbdefault\u00bb global_colors_info=\u00bb{}\u00bb][et_pb_text _builder_version=\u00bb4.27.4&#8243; _module_preset=\u00bbdefault\u00bb hover_enabled=\u00bb0&#8243; global_colors_info=\u00bb{}\u00bb sticky_enabled=\u00bb0&#8243;]<\/p>\n<h3><span><strong>DECLARACI\u00d3N DE ACCESIBILIDAD<\/strong><\/span><\/h3>\n<article class=\"acc_stat_content_detail_article\">La entidad ALPINAS ZEON se compromete a hacer accesible su sitio web de conformidad con el<span>\u00a0<\/span><span><strong><a href=\"http:\/\/www.boe.es\/diario_boe\/txt.php?id=BOE-A-2018-12699\" rel=\"noopener\">Real Decreto 1112\/2018, de 7 de septiembre, sobre accesibilidad de los sitios\u00a0<\/a><\/strong><\/span><strong><a href=\"http:\/\/www.boe.es\/diario_boe\/txt.php?id=BOE-A-2018-12699\" rel=\"noopener\">web y aplicaciones para dispositivos m\u00f3viles del sector p\u00fablico.<\/a><\/strong><\/p>\n<p>La presente declaraci\u00f3n de accesibilidad se aplica al sitio web www.alpinaszeon.com<\/p>\n<p>&nbsp;<\/p>\n<\/article>\n<article class=\"acc_stat_content_detail_article\">\n<h2><span>Situaci\u00f3n de cumplimiento<\/span><\/h2>\n<p><span>Este sitio web es\u00a0<strong>parcialmente conforme\u00a0<\/strong>con el RD 1112\/2018 debido a las excepciones y a la falta de conformidad de los aspectos que se indican a continuaci\u00f3n.<\/span><\/p>\n<p>&nbsp;<\/p>\n<\/article>\n<article class=\"acc_stat_content_detail_article\">\n<h2><span>Contenido no accesible<\/span><\/h2>\n<p><span>El contenido que se recoge a continuaci\u00f3n no es accesible por lo siguiente:<\/span><\/p>\n<ol>\n<li><span class=\"acc_stat_bold\">Falta de conformidad con el RD 1112\/2018<\/span>\n<ul>\n<li><span>Existen logotipos e im\u00e1genes con texto alternativo incorrecto o confuso e im\u00e1genes complejas sin descripci\u00f3n textual\u00a0<span class=\"acc_stat_italic\">[requisito n\u00famero 9.1.1.1 Contenido no textual, de UNE-EN 301549:2022].<\/span><\/span><\/li>\n<li><span>Existen listas creadas de forma incorrecta (sin etiqueta de lista), tablas con celdas etiquetadas incorrectamene y etiquetas invisibles en elementos de formularios<span class=\"acc_stat_italic\">\u00a0[requisito n\u00famero 9.1.3.1 Informaci\u00f3n y relaciones, de UNE-EN 301549:2022].<\/span><\/span><\/li>\n<li><span>Existen tablas no adaptadas a tama\u00f1os de pantalla peque\u00f1os y campos de formulario que no se visualizan correctamente en tama\u00f1os de pantalla peque\u00f1os\u00a0<span class=\"acc_stat_italic\">[requisito n\u00famero 9.1.4.10 Reajuste de texto, de UNE-EN 301549:2022]<\/span>.<\/span><\/li>\n<li><span>Existe texto que al cambiar los espacios y alturas de l\u00ednea no se visualiza correctamente<span class=\"acc_stat_italic\">\u00a0[requisito n\u00famero 9.1.4.12 Espaciado de texto, de UNE-EN 301549:2022].<\/span><\/span><\/li>\n<li><span>Existen elementos que no son accesibles por teclado, como por ejemplo enlaces a redes sociales, el editor de textos para comentarios, elementos para ordenar resultados de b\u00fasqueda, la paginaci\u00f3n de los resultados de b\u00fasqueda o las flechas de calendario\u00a0<span class=\"acc_stat_italic\">[requisito n\u00famero 9.2.1.1 Teclado, de UNE-EN 301549:2022].<\/span><\/span><\/li>\n<li><span>Hay elementos que no reciben el foco y por tanto no se puede interactuar con ellos mediante el teclado, por ejemplo\u00a0<span class=\"acc_stat_italic\">[requisito n\u00famero 9.2.4.3 Orden del foco, de UNE-EN 301549:2022]<\/span>.<\/span><\/li>\n<li><span>Hay enlaces en los que no se identifica correctamente su funci\u00f3n (tienen una descripci\u00f3n inadecuada, un texto demasiado gen\u00e9rico, un title inadecuado\u2026).<\/span><br \/><span class=\"acc_stat_italic\">[requisito n\u00famero 9.2.4.4 Prop\u00f3sito de los enlaces, de UNE-EN 301549:2022].<\/span><\/li>\n<li><span>Hay encabezados con texto repetido y\/o poco descriptivo\u00a0<span class=\"acc_stat_italic\">[requisito n\u00famero 9.2.4.6 Encabezados y etiquetas, de UNE-EN 301549:2022].<\/span><\/span><\/li>\n<li><span>Existen im\u00e1genes, infograf\u00edas, textos de enlaces o botones, texto de titulares y contenido que no est\u00e1n traducidos a otros idiomas\u00a0<span class=\"acc_stat_italic\">[requisito n\u00famero 9.3.1.2 Idioma de las partes, de UNE-EN 301549:2022]<\/span>.<\/span><\/li>\n<li><span>En alguna p\u00e1gina se est\u00e1 usando el mismo icono para diferentes prop\u00f3sitos, lo cual genera confunsi\u00f3n\u00a0<span class=\"acc_stat_italic\">[requisito n\u00famero 9.3.2.4 Identificaci\u00f3n coherente, de UNE-EN 301549:2022]<\/span>.<\/span><\/li>\n<li><span>Existen mensajes de error poco descriptivos, o mensajes de error que no est\u00e1n agrupados en un \u00fanico mensaje as\u00ed como falta de sugerencias en formulario para rellenar los campos correctamente\u00a0<span class=\"acc_stat_italic\">[requisito n\u00famero 9.3.3.1 Identificaci\u00f3n de errores, de UNE-EN 301549:2022]<\/span>.<\/span><\/li>\n<li><span>Existen formularios con campos obligatorios donde no se informa al usuario de ello, as\u00ed como campos donde falta un ejemplo textual del formato del campo.<\/span><br \/><span>(como por ejemplo el DNI)\u00a0<span class=\"acc_stat_italic\">[requisito n\u00famero 9.3.3.2 Etiquetas e instrucciones, de UNE-EN 301549:2022]<\/span>.<\/span><\/li>\n<li><span>Existen campos de formularios donde se informa del error cuando se introduce un valor incorrecto pero no se informa de una sugerencia para su correcci\u00f3n.<\/span><br \/><span><span class=\"acc_stat_italic\">[requisito n\u00famero 9.3.3.3 Sugerencias ante errores, de UNE-EN 301549:2022]<\/span>.<\/span><\/li>\n<li><span>Existen p\u00e1ginas con errores de sintaxis y por tanto alg\u00fan producto de apoyo puede no interpretar correctamente el contenido (IDs de p\u00e1gina duplicados, etiquetas sin cerrar, construcci\u00f2n incorecta de etiquetas\u2026).<span class=\"acc_stat_italic\">\u00a0[requisito n\u00famero 9.4.1.1 Procesamiento, de UNE-EN 301549:2022]<\/span>.<\/span><\/li>\n<li><span>Existen p\u00e1ginas en las que los productos de apoyo no van a poder obtener informaci\u00f3n, interactuar y estar al corriente del estado de los controles de interfaz de usuario, como por ejemplo, mensajes de ayuda, mensajes de estado de resultado de acciones, atributos de enlaces, imagen de idioma de p\u00e1gina\u2026 que no podr\u00e1n ser le\u00eddo por lectores de pantalla en el momento en el que aparecen\u00a0<span class=\"acc_stat_italic\">[requisito n\u00famero 9.4.1.2 Nombre, funci\u00f3n, valor de UNE-EN 301549:2022]<\/span>.<\/span><\/li>\n<li><span>Podr\u00edan existir fallos puntuales de edici\u00f3n en alguna p\u00e1gina web.<\/span><\/li>\n<\/ul>\n<\/li>\n<li><span class=\"acc_stat_bold\">Carga desproporcionada<\/span>\n<ul>\n<li><span>No aplica.<\/span><\/li>\n<\/ul>\n<\/li>\n<li><span class=\"acc_stat_bold\">El contenido no entra dentro del \u00e1mbito de la legislaci\u00f3n aplicable<\/span>\n<ul>\n<li><span>Podr\u00edan existir archivos ofim\u00e1ticos en PDF u otros formatos publicados antes del 20 de septiembre de 2018 que no cumplan en su totalidad todos los requisitos de accesibilidad. Aunque se ha procurado que la mayor\u00eda de ellos s\u00ed lo cumplan.<\/span><span><\/span><\/li>\n<\/ul>\n<\/li>\n<\/ol>\n<\/article>\n<article class=\"acc_stat_content_detail_article\">\n<h2><span>Preparaci\u00f3n de la presente declaraci\u00f3n de accesibilidad<\/span><\/h2>\n<p><span>La presente declaraci\u00f3n fue preparada el 04\/09\/2023.<\/span><\/p>\n<p><span>El m\u00e9todo empleado para preparar la declaraci\u00f3n ha sido una autoevaluaci\u00f3n llevada a cabo por la propia entidad.<\/span><\/p>\n<p><span>\u00daltima revisi\u00f3n de la declaraci\u00f3n: 04\/09\/2023.<\/span><\/p>\n<p><span><\/span><\/p>\n<\/article>\n<article class=\"acc_stat_content_detail_article\">\n<h2 class=\"acc_stat_h2\"><span>Observaciones y datos de contacto<\/span><\/h2>\n<div>\n<p><span>Puede realizar\u00a0<span class=\"acc_stat_bold\">comunicaciones\u00a0<\/span>sobre requisitos de accesibilidad (art\u00edculo 10.2.a) del RD 1112\/2018) como por ejemplo:<\/span><\/p>\n<\/div>\n<div>\n<ul>\n<li><span>informar sobre cualquier posible\u00a0<span class=\"acc_stat_bold\">incumplimiento<\/span>\u00a0por parte de este sitio web<\/span><\/li>\n<li><span>transmitir otras\u00a0<span class=\"acc_stat_bold\">dificultades de acceso\u00a0<\/span>al contenido<\/span><\/li>\n<li><span>formular cualquier otra\u00a0<span class=\"acc_stat_bold\">consulta o sugerencia de mejora\u00a0<\/span>relativa a la accesibilidad del sitio web<\/span><\/li>\n<\/ul>\n<p><span>A trav\u00e9s del siguiente<a href=\"https:\/\/casadarmola.com\/contacto\/\">\u00a0<strong>formulario de contacto.<\/strong><\/a><\/span><\/p>\n<\/div>\n<p><span>Puede presentar:<\/span><\/p>\n<ul>\n<li><span>una\u00a0<span class=\"acc_stat_bold\">Queja\u00a0<\/span>relativa al cumplimiento de los requisitos del RD 1112\/2018 o<\/span><\/li>\n<li><span>una\u00a0<span class=\"acc_stat_bold\">Solicitud de Informaci\u00f3n accesible\u00a0<\/span>relativa a:<\/span>\n<ul>\n<li><span><span class=\"acc_stat_bold\">contenidos\u00a0<\/span>que est\u00e1n\u00a0<span class=\"acc_stat_bold\">excluidos<\/span>\u00a0del\u00a0<span class=\"acc_stat_bold\">\u00e1mbito de aplicaci\u00f3n\u00a0<\/span>del RD 1112\/2018 seg\u00fan lo establecido por el art\u00edculo 3, apartado 4<\/span><\/li>\n<li><span><span class=\"acc_stat_bold\">contenidos\u00a0<\/span>que est\u00e1n\u00a0<span class=\"acc_stat_bold\">exentos\u00a0<\/span>del\u00a0<span class=\"acc_stat_bold\">cumplimiento\u00a0<\/span>de los requisitos de accesibilidad por imponer una\u00a0<span class=\"acc_stat_bold\">carga desproporcionada<\/span>.<\/span><\/li>\n<\/ul>\n<\/li>\n<\/ul>\n<p><span>En la Solicitud de informaci\u00f3n accesible, se debe concretar, con toda claridad, los hechos, razones y petici\u00f3n que permitan constatar que se trata de una solicitud razonable y leg\u00edtima.<\/span><\/p>\n<\/article>\n<p>[\/et_pb_text][\/et_pb_column][\/et_pb_row][\/et_pb_section][et_pb_section fb_built=\u00bb1&#8243; admin_label=\u00bbFooter\u00bb _builder_version=\u00bb4.23&#8243; _module_preset=\u00bbdefault\u00bb background_color=\u00bb#000000&#8243; custom_padding=\u00bb13px||0px|||\u00bb saved_tabs=\u00bball\u00bb collapsed=\u00bbon\u00bb global_colors_info=\u00bb{}\u00bb][et_pb_row column_structure=\u00bb3_5,2_5&#8243; _builder_version=\u00bb4.27.4&#8243; _module_preset=\u00bbdefault\u00bb custom_padding=\u00bb8px|||||\u00bb border_width_bottom=\u00bb1px\u00bb border_color_bottom=\u00bb#ffffff\u00bb global_colors_info=\u00bb{}\u00bb][et_pb_column type=\u00bb3_5&#8243; _builder_version=\u00bb4.20.0&#8243; _module_preset=\u00bbdefault\u00bb global_colors_info=\u00bb{}\u00bb][et_pb_image src=\u00bbhttp:\/\/alpinaszeon.com\/wp-content\/uploads\/2023\/10\/logotipo-horizontal_Mesa-de-trabajo-1.png\u00bb title_text=\u00bblogotipo horizontal_Mesa de trabajo 1&#8243; url=\u00bbhttps:\/\/alpinaszeon.com\/\u00bb align=\u00bbcenter\u00bb _builder_version=\u00bb4.27.4&#8243; _module_preset=\u00bbdefault\u00bb custom_margin=\u00bb||-15px|||\u00bb global_colors_info=\u00bb{}\u00bb][\/et_pb_image][\/et_pb_column][et_pb_column type=\u00bb2_5&#8243; _builder_version=\u00bb4.20.0&#8243; _module_preset=\u00bbdefault\u00bb global_colors_info=\u00bb{}\u00bb][et_pb_social_media_follow use_icon_font_size=\u00bbon\u00bb icon_font_size=\u00bb24px\u00bb _builder_version=\u00bb4.27.4&#8243; _module_preset=\u00bbdefault\u00bb custom_margin=\u00bb18px|||137px|false|false\u00bb custom_margin_tablet=\u00bb18px|||259px|false|false\u00bb custom_margin_phone=\u00bb|||116px|false|false\u00bb custom_margin_last_edited=\u00bbon|phone\u00bb global_colors_info=\u00bb{}\u00bb][et_pb_social_media_follow_network social_network=\u00bbinstagram\u00bb url=\u00bbhttps:\/\/www.instagram.com\/cabanas_alpinas\/?hl=es\u00bb _builder_version=\u00bb4.27.4&#8243; _module_preset=\u00bbdefault\u00bb background_enable_color=\u00bboff\u00bb global_colors_info=\u00bb{}\u00bb follow_button=\u00bboff\u00bb url_new_window=\u00bbon\u00bb]instagram[\/et_pb_social_media_follow_network][et_pb_social_media_follow_network social_network=\u00bbwhatsapp\u00bb url=\u00bbhttps:\/\/wa.me\/34604422886&#8243; _builder_version=\u00bb4.27.4&#8243; _module_preset=\u00bbdefault\u00bb background_enable_color=\u00bboff\u00bb global_colors_info=\u00bb{}\u00bb follow_button=\u00bboff\u00bb url_new_window=\u00bbon\u00bb]whatsapp[\/et_pb_social_media_follow_network][\/et_pb_social_media_follow][et_pb_text _builder_version=\u00bb4.27.4&#8243; _module_preset=\u00bbdefault\u00bb text_font=\u00bbPoppins||||||||\u00bb text_text_color=\u00bb#b7b7b7&#8243; custom_margin=\u00bb-39px|||135px|false|false\u00bb custom_margin_tablet=\u00bb|||210px|false|false\u00bb custom_margin_phone=\u00bb|||70px|false|false\u00bb custom_margin_last_edited=\u00bbon|phone\u00bb custom_padding=\u00bb||0px|14px||\u00bb link_option_url=\u00bbmailto:hola@alpinaszeon.com?subject=Consulta%20sobre%20caba\u00f1as&#038;body=Hola%2C%20quiero%20m\u00e1s%20informaci\u00f3n%20sobre%20sus%20modelos.\u00bb global_colors_info=\u00bb{}\u00bb]<\/p>\n<p>hola@alpinaszeon.com<\/p>\n<p>[\/et_pb_text][\/et_pb_column][\/et_pb_row][et_pb_row _builder_version=\u00bb4.27.4&#8243; _module_preset=\u00bbdefault\u00bb global_colors_info=\u00bb{}\u00bb][et_pb_column type=\u00bb4_4&#8243; _builder_version=\u00bb4.27.4&#8243; _module_preset=\u00bbdefault\u00bb global_colors_info=\u00bb{}\u00bb][et_pb_text _builder_version=\u00bb4.27.4&#8243; _module_preset=\u00bbdefault\u00bb header_text_align=\u00bbcenter\u00bb width=\u00bb100%\u00bb max_width=\u00bb100%\u00bb module_alignment=\u00bbcenter\u00bb global_colors_info=\u00bb{}\u00bb][\/et_pb_text][et_pb_text _builder_version=\u00bb4.27.4&#8243; _dynamic_attributes=\u00bbcontent\u00bb _module_preset=\u00bb9989e8cf-bf99-475e-a4bb-2cc6871183ea\u00bb text_orientation=\u00bbcenter\u00bb module_alignment=\u00bbcenter\u00bb min_height=\u00bb10.2px\u00bb custom_margin=\u00bb-42px||-3px|-33px||\u00bb custom_padding=\u00bb0px|||||\u00bb global_colors_info=\u00bb{}\u00bb]@ET-DC@eyJkeW5hbWljIjp0cnVlLCJjb250ZW50IjoiY3VycmVudF9kYXRlIiwic2V0dGluZ3MiOnsiYmVmb3JlIjoiQ29weXJpZ2h0ICZjb3B5OyAiLCJhZnRlciI6IiBaZW9uLiBUb2RvcyBsb3MgZGVyZWNob3MgcmVzZXJ2YWRvcyIsImRhdGVfZm9ybWF0IjoiY3VzdG9tIiwiY3VzdG9tX2RhdGVfZm9ybWF0IjoiWSJ9fQ==@[\/et_pb_text][\/et_pb_column][\/et_pb_row][\/et_pb_section]<\/p>\n","protected":false},"excerpt":{"rendered":"<p>DECLARACI\u00d3N DE ACCESIBILIDAD La entidad ALPINAS ZEON se compromete a hacer accesible su sitio web de conformidad con el\u00a0Real Decreto 1112\/2018, de 7 de septiembre, sobre accesibilidad de los sitios\u00a0web y aplicaciones para dispositivos m\u00f3viles del sector p\u00fablico. La presente declaraci\u00f3n de accesibilidad se aplica al sitio web www.alpinaszeon.com &nbsp; Situaci\u00f3n de cumplimiento Este sitio [&hellip;]<\/p>\n","protected":false},"author":1,"featured_media":0,"parent":0,"menu_order":0,"comment_status":"closed","ping_status":"closed","template":"","meta":{"_et_pb_use_builder":"on","_et_pb_old_content":"<!-- wp:divi\/placeholder \/-->","_et_gb_content_width":"","footnotes":""},"class_list":["post-1534","page","type-page","status-publish","hentry"],"_links":{"self":[{"href":"https:\/\/alpinaszeon.com\/index.php\/wp-json\/wp\/v2\/pages\/1534","targetHints":{"allow":["GET"]}}],"collection":[{"href":"https:\/\/alpinaszeon.com\/index.php\/wp-json\/wp\/v2\/pages"}],"about":[{"href":"https:\/\/alpinaszeon.com\/index.php\/wp-json\/wp\/v2\/types\/page"}],"author":[{"embeddable":true,"href":"https:\/\/alpinaszeon.com\/index.php\/wp-json\/wp\/v2\/users\/1"}],"replies":[{"embeddable":true,"href":"https:\/\/alpinaszeon.com\/index.php\/wp-json\/wp\/v2\/comments?post=1534"}],"version-history":[{"count":4,"href":"https:\/\/alpinaszeon.com\/index.php\/wp-json\/wp\/v2\/pages\/1534\/revisions"}],"predecessor-version":[{"id":1554,"href":"https:\/\/alpinaszeon.com\/index.php\/wp-json\/wp\/v2\/pages\/1534\/revisions\/1554"}],"wp:attachment":[{"href":"https:\/\/alpinaszeon.com\/index.php\/wp-json\/wp\/v2\/media?parent=1534"}],"curies":[{"name":"wp","href":"https:\/\/api.w.org\/{rel}","templated":true}]}}