{"id":896,"date":"2025-06-16T09:19:24","date_gmt":"2025-06-16T09:19:24","guid":{"rendered":"https:\/\/alpinaszeon.com\/?page_id=896"},"modified":"2025-06-30T12:48:48","modified_gmt":"2025-06-30T12:48:48","slug":"alpinas-fika","status":"publish","type":"page","link":"https:\/\/alpinaszeon.com\/index.php\/alpinas-fika\/","title":{"rendered":"ALPINAS FIKA"},"content":{"rendered":"<p>[et_pb_section fb_built=\u00bb1&#8243; _builder_version=\u00bb4.27.0&#8243; _module_preset=\u00bbdefault\u00bb background_image=\u00bbhttps:\/\/alpinaszeon.com\/wp-content\/uploads\/2025\/06\/diseno-de-la-casa-generada-por-ai-scaled.jpg\u00bb background_position=\u00bbtop_center\u00bb background_vertical_offset=\u00bb51%\u00bb min_height=\u00bb435px\u00bb global_colors_info=\u00bb{}\u00bb][et_pb_row _builder_version=\u00bb4.27.0&#8243; _module_preset=\u00bbdefault\u00bb global_colors_info=\u00bb{}\u00bb][et_pb_column type=\u00bb4_4&#8243; _builder_version=\u00bb4.27.0&#8243; _module_preset=\u00bbdefault\u00bb global_colors_info=\u00bb{}\u00bb][\/et_pb_column][\/et_pb_row][\/et_pb_section][et_pb_section fb_built=\u00bb1&#8243; specialty=\u00bbon\u00bb module_class=\u00bbcontainer_naranja\u00bb _builder_version=\u00bb4.27.0&#8243; _module_preset=\u00bbdefault\u00bb custom_css_free_form=\u00bb.container_naranja{||  display:flex;||  align-items:center;||  justify-content:center;||}\u00bb global_colors_info=\u00bb{}\u00bb][et_pb_column type=\u00bb1_2&#8243; _builder_version=\u00bb4.16&#8243; custom_padding=\u00bb|||\u00bb global_colors_info=\u00bb{}\u00bb custom_padding__hover=\u00bb|||\u00bb][et_pb_text _builder_version=\u00bb4.27.0&#8243; _module_preset=\u00bbdefault\u00bb text_font=\u00bbMontserrat||||||||\u00bb text_text_color=\u00bb#000000&#8243; text_font_size=\u00bb21px\u00bb header_font=\u00bbMontserrat|600|||||||\u00bb header_text_color=\u00bb#000000&#8243; header_font_size=\u00bb24px\u00bb header_2_font=\u00bbMontserrat|600|||||||\u00bb header_2_text_color=\u00bb#000000&#8243; header_2_font_size=\u00bb40px\u00bb custom_margin=\u00bb||7px|||\u00bb global_colors_info=\u00bb{}\u00bb]<\/p>\n<h2>ALPINA FIKA<\/h2>\n<p>[\/et_pb_text][et_pb_text _builder_version=\u00bb4.27.0&#8243; _module_preset=\u00bbdefault\u00bb text_font=\u00bbPoppins|500|||||||\u00bb text_text_color=\u00bb#3f3f3f\u00bb text_font_size=\u00bb20px\u00bb width=\u00bb100%\u00bb module_alignment=\u00bbcenter\u00bb global_colors_info=\u00bb{}\u00bb]<\/p>\n<p>Tejado inclinado que envuelve toda la caba\u00f1a desde la cima hasta el suelo.<\/p>\n<p>[\/et_pb_text][et_pb_text _builder_version=\u00bb4.27.0&#8243; _module_preset=\u00bbdefault\u00bb text_font=\u00bbPoppins|300|||||||\u00bb text_text_color=\u00bb#2b2b2b\u00bb global_colors_info=\u00bb{}\u00bb]<\/p>\n<p data-start=\"335\" data-end=\"624\">La esencia de una casa en plena naturaleza, con el espacio y las comodidades de una vivienda permanente. Esta caba\u00f1a de gran formato ofrece tres habitaciones independientes, zonas comunes amplias y todas las prestaciones necesarias para una experiencia de alto nivel en entornos naturales.<\/p>\n<p data-start=\"626\" data-end=\"904\">La distribuci\u00f3n permite alojar c\u00f3modamente a familias o grupos, manteniendo siempre privacidad y confort.<\/p>\n<p data-start=\"1034\" data-end=\"1249\">Completamente equipada y amueblada, esta caba\u00f1a est\u00e1 lista para entrar a vivir o recibir hu\u00e9spedes desde el primer d\u00eda.\u00a0<\/p>\n<p>[\/et_pb_text][\/et_pb_column][et_pb_column type=\u00bb1_2&#8243; specialty_columns=\u00bb2&#8243; _builder_version=\u00bb4.16&#8243; custom_padding=\u00bb|||\u00bb global_colors_info=\u00bb{}\u00bb custom_padding__hover=\u00bb|||\u00bb][et_pb_row_inner _builder_version=\u00bb4.27.0&#8243; _module_preset=\u00bbdefault\u00bb border_radii=\u00bboff|10px|10px||\u00bb global_colors_info=\u00bb{}\u00bb][et_pb_column_inner saved_specialty_column_type=\u00bb1_2&#8243; _builder_version=\u00bb4.27.0&#8243; _module_preset=\u00bbdefault\u00bb global_colors_info=\u00bb{}\u00bb][et_pb_image src=\u00bbhttps:\/\/alpinaszeon.com\/wp-content\/uploads\/2025\/06\/fika_nombre.jpg\u00bb title_text=\u00bbfika_nombre\u00bb align=\u00bbright\u00bb _builder_version=\u00bb4.27.4&#8243; _module_preset=\u00bbdefault\u00bb hover_enabled=\u00bb0&#8243; border_radii=\u00bboff|10px|10px|10px|10px\u00bb global_colors_info=\u00bb{}\u00bb sticky_enabled=\u00bb0&#8243; url=\u00bb#fika-card\u00bb][\/et_pb_image][\/et_pb_column_inner][\/et_pb_row_inner][\/et_pb_column][\/et_pb_section][et_pb_section fb_built=\u00bb1&#8243; _builder_version=\u00bb4.27.0&#8243; _module_preset=\u00bbdefault\u00bb background_color=\u00bb#f9f9f9&#8243; custom_margin=\u00bb||-16px|||\u00bb custom_padding=\u00bb5%||5%||true|false\u00bb global_colors_info=\u00bb{}\u00bb][et_pb_row column_structure=\u00bb1_2,1_2&#8243; _builder_version=\u00bb4.27.4&#8243; _module_preset=\u00bbdefault\u00bb background_color=\u00bb#ffffff\u00bb max_width=\u00bb70%\u00bb module_alignment=\u00bbcenter\u00bb custom_margin=\u00bb0px|0px|0px|0px|false|false\u00bb custom_padding=\u00bb2%|0px|10%|0px|false|true\u00bb hover_enabled=\u00bb0&#8243; border_radii=\u00bbon|15px|15px|15px|15px\u00bb box_shadow_style=\u00bbpreset2&#8243; box_shadow_blur=\u00bb80px\u00bb box_shadow_spread=\u00bb-49px\u00bb global_colors_info=\u00bb{}\u00bb module_id=\u00bbfika-card\u00bb sticky_enabled=\u00bb0&#8243;][et_pb_column type=\u00bb1_2&#8243; _builder_version=\u00bb4.27.0&#8243; _module_preset=\u00bbdefault\u00bb global_colors_info=\u00bb{}\u00bb][et_pb_image src=\u00bbhttps:\/\/alpinaszeon.com\/wp-content\/uploads\/2025\/06\/fika_plano.png\u00bb title_text=\u00bbfika_plano\u00bb show_in_lightbox=\u00bbon\u00bb align=\u00bbcenter\u00bb _builder_version=\u00bb4.27.4&#8243; _module_preset=\u00bbdefault\u00bb width=\u00bb100%\u00bb module_alignment=\u00bbcenter\u00bb custom_margin=\u00bb40px|40px|40px|40px|true|true\u00bb custom_padding=\u00bb|||28px|false|false\u00bb global_colors_info=\u00bb{}\u00bb][\/et_pb_image][\/et_pb_column][et_pb_column type=\u00bb1_2&#8243; _builder_version=\u00bb4.27.0&#8243; _module_preset=\u00bbdefault\u00bb global_colors_info=\u00bb{}\u00bb][et_pb_text _builder_version=\u00bb4.27.4&#8243; _module_preset=\u00bbdefault\u00bb text_font=\u00bbMontserrat||||||||\u00bb text_text_color=\u00bb#000000&#8243; text_font_size=\u00bb21px\u00bb header_font=\u00bbMontserrat|600|||||||\u00bb header_text_align=\u00bbleft\u00bb header_text_color=\u00bb#000000&#8243; header_font_size=\u00bb24px\u00bb header_2_font=\u00bbMontserrat|600|||||||\u00bb header_2_text_color=\u00bb#000000&#8243; header_2_font_size=\u00bb40px\u00bb header_4_font=\u00bbMontserrat|800|||||||\u00bb header_4_text_align=\u00bbleft\u00bb header_4_text_color=\u00bb#f9c028&#8243; header_4_font_size=\u00bb50px\u00bb width=\u00bb50%\u00bb module_alignment=\u00bbcenter\u00bb custom_margin=\u00bb93px||7px||false|false\u00bb header_4_text_align_tablet=\u00bbcenter\u00bb header_4_text_align_phone=\u00bbcenter\u00bb header_4_text_align_last_edited=\u00bbon|phone\u00bb global_colors_info=\u00bb{}\u00bb]<\/p>\n<h4>FIKA<\/h4>\n<p>[\/et_pb_text][et_pb_text _builder_version=\u00bb4.27.4&#8243; _module_preset=\u00bbdefault\u00bb text_font=\u00bbPoppins|500|||||||\u00bb text_text_color=\u00bb#3f3f3f\u00bb text_font_size=\u00bb20px\u00bb width=\u00bb50%\u00bb width_tablet=\u00bb90%\u00bb width_phone=\u00bb90%\u00bb width_last_edited=\u00bbon|tablet\u00bb module_alignment=\u00bbcenter\u00bb text_orientation_tablet=\u00bbcenter\u00bb text_orientation_phone=\u00bbcenter\u00bb text_orientation_last_edited=\u00bbon|tablet\u00bb global_colors_info=\u00bb{}\u00bb]<\/p>\n<p>Como en casa.<\/p>\n<p>[\/et_pb_text][et_pb_text _builder_version=\u00bb4.27.4&#8243; _module_preset=\u00bbdefault\u00bb text_font=\u00bbPoppins|300|||||||\u00bb text_text_color=\u00bb#000000&#8243; text_font_size=\u00bb18px\u00bb width=\u00bb50%\u00bb width_tablet=\u00bb80%\u00bb width_phone=\u00bb80%\u00bb width_last_edited=\u00bbon|tablet\u00bb module_alignment=\u00bbcenter\u00bb custom_margin=\u00bb0px|0px|10px|0px|false|false\u00bb custom_padding=\u00bb0px|0px|0px|0px|false|false\u00bb border_width_bottom=\u00bb1px\u00bb border_color_bottom=\u00bb#919191&#8243; global_colors_info=\u00bb{}\u00bb]<\/p>\n<p><img decoding=\"async\" src=\"https:\/\/alpinaszeon.com\/wp-content\/uploads\/2025\/06\/measurement_1412078-1-300x300.png\" width=\"18\" height=\"18\" alt=\"\" class=\"wp-image-707 alignnone size-medium\" \/>\u00a0 100m\u00b2<\/p>\n<p>[\/et_pb_text][et_pb_text _builder_version=\u00bb4.27.4&#8243; _module_preset=\u00bbdefault\u00bb text_font=\u00bbPoppins|300|||||||\u00bb text_text_color=\u00bb#000000&#8243; text_font_size=\u00bb18px\u00bb width=\u00bb50%\u00bb width_tablet=\u00bb80%\u00bb width_phone=\u00bb80%\u00bb width_last_edited=\u00bbon|tablet\u00bb module_alignment=\u00bbcenter\u00bb custom_margin=\u00bb0px|0px|10px|0px|false|false\u00bb custom_padding=\u00bb0px|0px|0px|0px|false|false\u00bb border_width_bottom=\u00bb1px\u00bb border_color_bottom=\u00bb#919191&#8243; global_colors_info=\u00bb{}\u00bb]<\/p>\n<p><img decoding=\"async\" src=\"https:\/\/alpinaszeon.com\/wp-content\/uploads\/2025\/06\/double-bed_7853102-e1749541735603-300x260.png\" width=\"21\" height=\"19\" alt=\"\" class=\"wp-image-699 alignnone size-medium\" \/>\u00a0 3 Habitaciones Privadas<\/p>\n<p>[\/et_pb_text][et_pb_text _builder_version=\u00bb4.27.4&#8243; _module_preset=\u00bbdefault\u00bb text_font=\u00bbPoppins|300|||||||\u00bb text_text_color=\u00bb#000000&#8243; text_font_size=\u00bb18px\u00bb width=\u00bb50%\u00bb width_tablet=\u00bb80%\u00bb width_phone=\u00bb80%\u00bb width_last_edited=\u00bbon|tablet\u00bb module_alignment=\u00bbcenter\u00bb custom_margin=\u00bb0px|0px|10px|0px|false|false\u00bb custom_padding=\u00bb0px|0px|0px|0px|false|false\u00bb border_width_bottom=\u00bb1px\u00bb border_color_bottom=\u00bb#919191&#8243; global_colors_info=\u00bb{}\u00bb]<\/p>\n<p><img decoding=\"async\" src=\"https:\/\/alpinaszeon.com\/wp-content\/uploads\/2025\/06\/bathtub_7800094-300x300.png\" width=\"22\" height=\"22\" alt=\"\" class=\"wp-image-743 alignnone size-medium\" \/>\u00a0 2 Ba\u00f1os<\/p>\n<p>[\/et_pb_text][et_pb_text _builder_version=\u00bb4.27.4&#8243; _module_preset=\u00bbdefault\u00bb text_font=\u00bbPoppins|300|||||||\u00bb text_text_color=\u00bb#000000&#8243; text_font_size=\u00bb18px\u00bb width=\u00bb50%\u00bb width_tablet=\u00bb90%\u00bb width_phone=\u00bb80%\u00bb width_last_edited=\u00bbon|tablet\u00bb module_alignment=\u00bbcenter\u00bb custom_margin=\u00bb0px|0px|10px|0px|false|false\u00bb custom_padding=\u00bb0px|0px|0px|0px|false|false\u00bb border_width_bottom=\u00bb1px\u00bb border_color_bottom=\u00bb#919191&#8243; global_colors_info=\u00bb{}\u00bb]<\/p>\n<p><img decoding=\"async\" src=\"https:\/\/alpinaszeon.com\/wp-content\/uploads\/2025\/06\/appliance_1660154-300x300.png\" width=\"21\" height=\"21\" alt=\"\" class=\"wp-image-900 alignnone size-medium\" \/>\u00a0 Cocina con comedor<\/p>\n<p>[\/et_pb_text][et_pb_text _builder_version=\u00bb4.27.4&#8243; _module_preset=\u00bbdefault\u00bb text_font=\u00bbPoppins|300|||||||\u00bb text_text_color=\u00bb#000000&#8243; text_font_size=\u00bb18px\u00bb width=\u00bb50%\u00bb width_tablet=\u00bb80%\u00bb width_phone=\u00bb80%\u00bb width_last_edited=\u00bbon|tablet\u00bb module_alignment=\u00bbcenter\u00bb custom_margin=\u00bb0px|0px|10px|0px|false|false\u00bb custom_padding=\u00bb0px|0px|0px|0px|false|false\u00bb border_width_bottom=\u00bb1px\u00bb border_color_bottom=\u00bb#919191&#8243; global_colors_info=\u00bb{}\u00bb]<\/p>\n<p><img decoding=\"async\" src=\"https:\/\/alpinaszeon.com\/wp-content\/uploads\/2025\/06\/sofa_18858206-1-300x300.png\" width=\"22\" height=\"22\" alt=\"\" class=\"wp-image-704 alignnone size-medium\" \/>\u00a0 Sal\u00f3n<\/p>\n<p>[\/et_pb_text][et_pb_divider show_divider=\u00bboff\u00bb _builder_version=\u00bb4.27.0&#8243; _module_preset=\u00bbdefault\u00bb global_colors_info=\u00bb{}\u00bb][\/et_pb_divider][et_pb_divider show_divider=\u00bboff\u00bb _builder_version=\u00bb4.27.0&#8243; _module_preset=\u00bbdefault\u00bb global_colors_info=\u00bb{}\u00bb][\/et_pb_divider][et_pb_divider show_divider=\u00bboff\u00bb _builder_version=\u00bb4.27.0&#8243; _module_preset=\u00bbdefault\u00bb global_colors_info=\u00bb{}\u00bb][\/et_pb_divider][et_pb_button button_url=\u00bbhttps:\/\/alpinaszeon.com\/index.php\/contacto\/\u00bb button_text=\u00bbSolicitar consulta\u00bb button_alignment=\u00bbcenter\u00bb button_alignment_tablet=\u00bb\u00bb button_alignment_phone=\u00bb\u00bb button_alignment_last_edited=\u00bbon|tablet\u00bb _builder_version=\u00bb4.27.4&#8243; _module_preset=\u00bb8021959d-73ce-48ad-b507-98cfb766f9bb\u00bb button_font=\u00bbMontserrat|700||on|||||\u00bb custom_margin=\u00bb|||25px|false|false\u00bb custom_margin_tablet=\u00bb|||25px|false|false\u00bb custom_margin_phone=\u00bb|||0px|false|false\u00bb custom_margin_last_edited=\u00bbon|phone\u00bb global_colors_info=\u00bb{}\u00bb][\/et_pb_button][\/et_pb_column][\/et_pb_row][\/et_pb_section][et_pb_section fb_built=\u00bb1&#8243; _builder_version=\u00bb4.27.0&#8243; _module_preset=\u00bbdefault\u00bb background_color=\u00bb#fcfcfc\u00bb custom_margin=\u00bb7px|||||\u00bb custom_padding=\u00bb98px|||||\u00bb global_colors_info=\u00bb{}\u00bb][et_pb_row column_structure=\u00bb1_2,1_4,1_4&#8243; _builder_version=\u00bb4.27.0&#8243; _module_preset=\u00bbdefault\u00bb width=\u00bb100%\u00bb max_width=\u00bb70%\u00bb global_colors_info=\u00bb{}\u00bb][et_pb_column type=\u00bb1_2&#8243; _builder_version=\u00bb4.27.0&#8243; _module_preset=\u00bbdefault\u00bb global_colors_info=\u00bb{}\u00bb][et_pb_text _builder_version=\u00bb4.27.0&#8243; _module_preset=\u00bbdefault\u00bb text_font=\u00bbPoppins|500|||||||\u00bb text_text_color=\u00bb#000000&#8243; text_font_size=\u00bb30px\u00bb width=\u00bb80%\u00bb module_alignment=\u00bbleft\u00bb custom_margin=\u00bb34px||11px|||\u00bb global_colors_info=\u00bb{}\u00bb]<\/p>\n<h2 class=\"houzez_section_title\"><img decoding=\"async\" src=\"https:\/\/alpinaszeon.com\/wp-content\/uploads\/2025\/06\/Adobe-Express-file-1-300x300.png\" width=\"65\" height=\"65\" alt=\"\" class=\"wp-image-850 alignnone size-medium\" \/><\/h2>\n<h2 class=\"houzez_section_title\">Nuestro experimentado equipo se encargar\u00e1 de cada detalle de tu proyecto.<\/h2>\n<h2 class=\"houzez_section_title\"><\/h2>\n<p>[\/et_pb_text][et_pb_text _builder_version=\u00bb4.27.0&#8243; _module_preset=\u00bbdefault\u00bb text_font=\u00bbPoppins|300|||||||\u00bb text_text_color=\u00bb#2b2b2b\u00bb width=\u00bb80%\u00bb custom_padding=\u00bb||0px|||\u00bb global_colors_info=\u00bb{}\u00bb]<\/p>\n<p data-start=\"185\" data-end=\"451\">Todas las unidades se entregan completamente equipadas y amuebladas. Mobiliario y accesorios todo incluido.Los ba\u00f1os se entregan totalmente equipados, con todos los accesorios y toallas.\u00a0<\/p>\n<p>[\/et_pb_text][\/et_pb_column][et_pb_column type=\u00bb1_4&#8243; _builder_version=\u00bb4.27.0&#8243; _module_preset=\u00bbdefault\u00bb global_colors_info=\u00bb{}\u00bb][et_pb_image src=\u00bbhttps:\/\/alpinaszeon.com\/wp-content\/uploads\/2025\/06\/Galeria-Cabanas_Mesa-de-trabajo-1-copia-7.png\u00bb title_text=\u00bbGaler\u00eda Caba\u00f1as_Mesa de trabajo 1 copia 7&#8243; _builder_version=\u00bb4.27.0&#8243; _module_preset=\u00bbdefault\u00bb global_colors_info=\u00bb{}\u00bb][\/et_pb_image][\/et_pb_column][et_pb_column type=\u00bb1_4&#8243; _builder_version=\u00bb4.27.0&#8243; _module_preset=\u00bbdefault\u00bb global_colors_info=\u00bb{}\u00bb][et_pb_image src=\u00bbhttps:\/\/alpinaszeon.com\/wp-content\/uploads\/2025\/06\/Galeria-Cabanas_Mesa-de-trabajo-1-copia-16.png\u00bb title_text=\u00bbGaler\u00eda Caba\u00f1as_Mesa de trabajo 1 copia 16&#8243; _builder_version=\u00bb4.27.0&#8243; _module_preset=\u00bbdefault\u00bb global_colors_info=\u00bb{}\u00bb][\/et_pb_image][\/et_pb_column][\/et_pb_row][\/et_pb_section][et_pb_section fb_built=\u00bb1&#8243; module_class=\u00bbcontenedor2&#8243; _builder_version=\u00bb4.27.0&#8243; _module_preset=\u00bbdefault\u00bb background_enable_color=\u00bboff\u00bb use_background_color_gradient=\u00bbon\u00bb background_color_gradient_direction=\u00bb179deg\u00bb background_color_gradient_stops=\u00bb#000000 0%|rgba(41,196,169,0) 75%\u00bb background_color_gradient_overlays_image=\u00bbon\u00bb background_image=\u00bbhttps:\/\/alpinaszeon.com\/wp-content\/uploads\/2024\/10\/enhanced-image-8-2.png\u00bb background_position=\u00bbtop_center\u00bb background_vertical_offset=\u00bb32%\u00bb min_height=\u00bb385px\u00bb custom_css_free_form=\u00bb.contenedor2{||  display:Flex;||  justify-content:center;||  align-items:center;||}\u00bb global_colors_info=\u00bb{}\u00bb][et_pb_row _builder_version=\u00bb4.27.0&#8243; _module_preset=\u00bbdefault\u00bb global_colors_info=\u00bb{}\u00bb][et_pb_column type=\u00bb4_4&#8243; _builder_version=\u00bb4.27.0&#8243; _module_preset=\u00bbdefault\u00bb global_colors_info=\u00bb{}\u00bb][et_pb_text _builder_version=\u00bb4.27.0&#8243; _module_preset=\u00bbdefault\u00bb text_font=\u00bbMontserrat||||||||\u00bb text_text_color=\u00bb#ffffff\u00bb text_font_size=\u00bb28px\u00bb text_orientation=\u00bbcenter\u00bb global_colors_info=\u00bb{}\u00bb]<\/p>\n<p>\u00bfTe gustar\u00eda saber m\u00e1s sobre nuestros modelos?<\/p>\n<h1><\/h1>\n<p>[\/et_pb_text][et_pb_button button_url=\u00bbhttps:\/\/alpinaszeon.com\/index.php\/contacto\/\u00bb button_text=\u00bbresuelve tus dudas\u00bb button_alignment=\u00bbcenter\u00bb _builder_version=\u00bb4.27.4&#8243; _module_preset=\u00bb8021959d-73ce-48ad-b507-98cfb766f9bb\u00bb button_font=\u00bbMontserrat|700||on|||||\u00bb global_colors_info=\u00bb{}\u00bb][\/et_pb_button][\/et_pb_column][\/et_pb_row][\/et_pb_section][et_pb_section fb_built=\u00bb1&#8243; admin_label=\u00bbFooter\u00bb _builder_version=\u00bb4.23&#8243; _module_preset=\u00bbdefault\u00bb background_color=\u00bb#000000&#8243; custom_padding=\u00bb13px||0px|||\u00bb saved_tabs=\u00bball\u00bb collapsed=\u00bbon\u00bb global_colors_info=\u00bb{}\u00bb][et_pb_row column_structure=\u00bb3_5,2_5&#8243; _builder_version=\u00bb4.27.4&#8243; _module_preset=\u00bbdefault\u00bb custom_padding=\u00bb8px|||||\u00bb border_width_bottom=\u00bb1px\u00bb border_color_bottom=\u00bb#ffffff\u00bb global_colors_info=\u00bb{}\u00bb][et_pb_column type=\u00bb3_5&#8243; _builder_version=\u00bb4.20.0&#8243; _module_preset=\u00bbdefault\u00bb global_colors_info=\u00bb{}\u00bb][et_pb_image src=\u00bbhttps:\/\/alpinaszeon.com\/wp-content\/uploads\/2023\/10\/logotipo-horizontal_Mesa-de-trabajo-1.png\u00bb title_text=\u00bblogotipo horizontal_Mesa de trabajo 1&#8243; url=\u00bbhttps:\/\/alpinaszeon.com\/\u00bb align=\u00bbcenter\u00bb _builder_version=\u00bb4.27.4&#8243; _module_preset=\u00bbdefault\u00bb custom_margin=\u00bb||-15px|||\u00bb global_colors_info=\u00bb{}\u00bb][\/et_pb_image][\/et_pb_column][et_pb_column type=\u00bb2_5&#8243; _builder_version=\u00bb4.20.0&#8243; _module_preset=\u00bbdefault\u00bb global_colors_info=\u00bb{}\u00bb][et_pb_social_media_follow use_icon_font_size=\u00bbon\u00bb icon_font_size=\u00bb24px\u00bb _builder_version=\u00bb4.27.4&#8243; _module_preset=\u00bbdefault\u00bb custom_margin=\u00bb18px|||112px||\u00bb custom_margin_tablet=\u00bb18px|||112px||\u00bb custom_margin_phone=\u00bb18px|||0px|false|false\u00bb custom_margin_last_edited=\u00bbon|phone\u00bb text_orientation_tablet=\u00bb\u00bb text_orientation_phone=\u00bbcenter\u00bb text_orientation_last_edited=\u00bbon|phone\u00bb global_colors_info=\u00bb{}\u00bb][et_pb_social_media_follow_network social_network=\u00bbinstagram\u00bb url=\u00bbhttps:\/\/www.instagram.com\/cabanas_alpinas\/?hl=es\u00bb _builder_version=\u00bb4.27.4&#8243; _module_preset=\u00bbdefault\u00bb background_enable_color=\u00bboff\u00bb global_colors_info=\u00bb{}\u00bb follow_button=\u00bboff\u00bb url_new_window=\u00bbon\u00bb]instagram[\/et_pb_social_media_follow_network][et_pb_social_media_follow_network social_network=\u00bbwhatsapp\u00bb url=\u00bbhttps:\/\/wa.me\/34604422886&#8243; _builder_version=\u00bb4.27.4&#8243; _module_preset=\u00bbdefault\u00bb background_enable_color=\u00bboff\u00bb global_colors_info=\u00bb{}\u00bb follow_button=\u00bboff\u00bb url_new_window=\u00bbon\u00bb]whatsapp[\/et_pb_social_media_follow_network][\/et_pb_social_media_follow][et_pb_text _builder_version=\u00bb4.27.4&#8243; _module_preset=\u00bbdefault\u00bb text_font=\u00bbPoppins||||||||\u00bb text_text_color=\u00bb#b7b7b7&#8243; custom_margin=\u00bb-39px|||110px||\u00bb custom_margin_tablet=\u00bb-39px|||110px||\u00bb custom_margin_phone=\u00bb-39px|||0px|false|false\u00bb custom_margin_last_edited=\u00bbon|phone\u00bb custom_padding=\u00bb||0px|14px||\u00bb link_option_url=\u00bbmailto:hola@alpinaszeon.com?subject=Consulta%20sobre%20caba\u00f1as&#038;body=Hola%2C%20quiero%20m\u00e1s%20informaci\u00f3n%20sobre%20sus%20modelos.\u00bb text_orientation_tablet=\u00bb\u00bb text_orientation_phone=\u00bbcenter\u00bb text_orientation_last_edited=\u00bbon|phone\u00bb global_colors_info=\u00bb{}\u00bb]<\/p>\n<p>hola@alpinaszeon.com<\/p>\n<p>[\/et_pb_text][\/et_pb_column][\/et_pb_row][et_pb_row _builder_version=\u00bb4.27.4&#8243; _module_preset=\u00bbdefault\u00bb global_colors_info=\u00bb{}\u00bb][et_pb_column type=\u00bb4_4&#8243; _builder_version=\u00bb4.27.4&#8243; _module_preset=\u00bbdefault\u00bb global_colors_info=\u00bb{}\u00bb][et_pb_text _builder_version=\u00bb4.27.4&#8243; _module_preset=\u00bbdefault\u00bb header_text_align=\u00bbcenter\u00bb width=\u00bb100%\u00bb max_width=\u00bb100%\u00bb module_alignment=\u00bbcenter\u00bb global_colors_info=\u00bb{}\u00bb][\/et_pb_text][et_pb_text _builder_version=\u00bb4.27.4&#8243; _dynamic_attributes=\u00bbcontent\u00bb _module_preset=\u00bb9989e8cf-bf99-475e-a4bb-2cc6871183ea\u00bb text_orientation=\u00bbcenter\u00bb module_alignment=\u00bbcenter\u00bb min_height=\u00bb10.2px\u00bb custom_margin=\u00bb-42px||-3px|-33px||\u00bb custom_padding=\u00bb0px|||||\u00bb global_colors_info=\u00bb{}\u00bb]@ET-DC@eyJkeW5hbWljIjp0cnVlLCJjb250ZW50IjoiY3VycmVudF9kYXRlIiwic2V0dGluZ3MiOnsiYmVmb3JlIjoiQ29weXJpZ2h0ICZjb3B5OyAiLCJhZnRlciI6IiBaZW9uLiBUb2RvcyBsb3MgZGVyZWNob3MgcmVzZXJ2YWRvcyIsImRhdGVfZm9ybWF0IjoiY3VzdG9tIiwiY3VzdG9tX2RhdGVfZm9ybWF0IjoiWSJ9fQ==@[\/et_pb_text][\/et_pb_column][\/et_pb_row][\/et_pb_section][et_pb_section fb_built=\u00bb1&#8243; _builder_version=\u00bb4.27.4&#8243; _module_preset=\u00bbdefault\u00bb background_color=\u00bbrgba(0,0,0,0.02)\u00bb custom_padding=\u00bb21px||21px||true|\u00bb global_colors_info=\u00bb{}\u00bb][et_pb_row _builder_version=\u00bb4.27.4&#8243; _module_preset=\u00bbdefault\u00bb global_colors_info=\u00bb{}\u00bb][et_pb_column type=\u00bb4_4&#8243; _builder_version=\u00bb4.27.4&#8243; _module_preset=\u00bbdefault\u00bb global_colors_info=\u00bb{}\u00bb][et_pb_text _builder_version=\u00bb4.27.4&#8243; _module_preset=\u00bbdefault\u00bb text_text_color=\u00bb#000000&#8243; text_orientation=\u00bbcenter\u00bb global_colors_info=\u00bb{}\u00bb]<\/p>\n<p><em><span>Financiado por la Uni\u00f3n Europea \u2013 NextGenerationEU. Sin embargo, los puntos de vista y las opiniones expresadas son \u00fanicamente los del autor o autores y no reflejan necesariamente los de la Uni\u00f3n Europea o la Comisi\u00f3n Europea. Ni la Uni\u00f3n Europea ni la Comisi\u00f3n Europea pueden ser consideradas responsables de las mismas<\/span><\/em><\/p>\n<p>[\/et_pb_text][\/et_pb_column][\/et_pb_row][et_pb_row _builder_version=\u00bb4.27.4&#8243; _module_preset=\u00bbdefault\u00bb width=\u00bb66%\u00bb max_width=\u00bb548px\u00bb custom_padding=\u00bb0px|||||\u00bb global_colors_info=\u00bb{}\u00bb][et_pb_column type=\u00bb4_4&#8243; _builder_version=\u00bb4.27.4&#8243; _module_preset=\u00bbdefault\u00bb global_colors_info=\u00bb{}\u00bb][et_pb_image src=\u00bbhttps:\/\/alpinaszeon.com\/wp-content\/uploads\/2025\/06\/logos-1.png\u00bb title_text=\u00bblogos\u00bb _builder_version=\u00bb4.27.4&#8243; _module_preset=\u00bbdefault\u00bb global_colors_info=\u00bb{}\u00bb][\/et_pb_image][\/et_pb_column][\/et_pb_row][\/et_pb_section]<\/p>\n","protected":false},"excerpt":{"rendered":"<p>ALPINA FIKATejado inclinado que envuelve toda la caba\u00f1a desde la cima hasta el suelo.La esencia de una casa en plena naturaleza, con el espacio y las comodidades de una vivienda permanente. Esta caba\u00f1a de gran formato ofrece tres habitaciones independientes, zonas comunes amplias y todas las prestaciones necesarias para una experiencia de alto nivel en [&hellip;]<\/p>\n","protected":false},"author":1,"featured_media":0,"parent":0,"menu_order":0,"comment_status":"closed","ping_status":"closed","template":"","meta":{"_et_pb_use_builder":"on","_et_pb_old_content":"","_et_gb_content_width":"","footnotes":""},"class_list":["post-896","page","type-page","status-publish","hentry"],"_links":{"self":[{"href":"https:\/\/alpinaszeon.com\/index.php\/wp-json\/wp\/v2\/pages\/896","targetHints":{"allow":["GET"]}}],"collection":[{"href":"https:\/\/alpinaszeon.com\/index.php\/wp-json\/wp\/v2\/pages"}],"about":[{"href":"https:\/\/alpinaszeon.com\/index.php\/wp-json\/wp\/v2\/types\/page"}],"author":[{"embeddable":true,"href":"https:\/\/alpinaszeon.com\/index.php\/wp-json\/wp\/v2\/users\/1"}],"replies":[{"embeddable":true,"href":"https:\/\/alpinaszeon.com\/index.php\/wp-json\/wp\/v2\/comments?post=896"}],"version-history":[{"count":17,"href":"https:\/\/alpinaszeon.com\/index.php\/wp-json\/wp\/v2\/pages\/896\/revisions"}],"predecessor-version":[{"id":1924,"href":"https:\/\/alpinaszeon.com\/index.php\/wp-json\/wp\/v2\/pages\/896\/revisions\/1924"}],"wp:attachment":[{"href":"https:\/\/alpinaszeon.com\/index.php\/wp-json\/wp\/v2\/media?parent=896"}],"curies":[{"name":"wp","href":"https:\/\/api.w.org\/{rel}","templated":true}]}}